{"id":13,"date":"2024-08-14T22:13:33","date_gmt":"2024-08-14T20:13:33","guid":{"rendered":"https:\/\/mtw.net.pl\/?page_id=13"},"modified":"2025-09-05T09:47:05","modified_gmt":"2025-09-05T07:47:05","slug":"produkty-uslugi","status":"publish","type":"page","link":"https:\/\/mtw.net.pl\/index.php\/produkty-uslugi\/","title":{"rendered":"Produkty &#038; Us\u0142ugi"},"content":{"rendered":"\n<p class=\"has-regular-font-size\"><strong>Produkty &amp; Us\u0142ugi<\/strong><\/p>\n\n\n\n<p class=\"has-medium-font-size\">Zakres oferowanych us\u0142ug pomiarowo \u2013 projektowych:<\/p>\n\n\n\n<ul class=\"wp-block-list has-medium-font-size\">\n<li>charakteryzacja miejsca pod wzgl\u0119dem wietrzno\u015bci<\/li>\n<\/ul>\n\n\n\n<ul class=\"wp-block-list has-medium-font-size\">\n<li>przygotowanie dokumentacji i instalacja turbiny wiatrowej 15\/25\/30 kW<\/li>\n<\/ul>\n\n\n\n<p><\/p>\n\n\n\n<p class=\"has-regular-font-size\"><strong>FAZA WYKONANIA PRAC PRZEDPROJEKTOWYCH ORAZ SPORZ\u0104DZENIA PROJEKTU BUDOWLANEGO<\/strong><\/p>\n\n\n\n<p class=\"has-medium-font-size\">Etap ten obejmuje ustalenie wst\u0119pnych planowanych lokalizacji turbin, zaprojektowanie mo\u017cliwego przebiegu tras kablowych od turbin do miejsca ich przy\u0142\u0105czenia do wewn\u0119trznej sieci energetycznej wraz z tyczeniem geodezyjnym. Wykonania odwiert\u00f3w badawczych pozwalaj\u0105cych na okre\u015blenie struktury gruntu b\u0119d\u0105ce podstaw\u0105 do dalszego etapu \u2013 prac projektowych. Opracowania koncepcji uk\u0142adu Tele mechaniki jako nieodzownego elementu do z\u0142o\u017cenia wniosku o Wydanie Warunk\u00f3w Technicznych Pod\u0142\u0105czenia instalacji OZE do sieci energetycznej Pa\u0144stwa dostawcy energii.<\/p>\n\n\n\n<p class=\"has-medium-font-size\">W celu realizacji tego etapu wymagane jest pozyskanie przez Inwestora aktualnych map sytuacyjnej i do cel\u00f3w projektowych oraz udost\u0119pnienia miejsca w\u0142\u0105czenia turbin do sieci wraz z schematami, udost\u0119pnienia terenu grupie geodezyjnej i geologicznej celem wykonania pomiar\u00f3w i odwiert\u00f3w badawczych do 6 m g\u0142\u0119boko\u015bci.<\/p>\n\n\n\n<p><\/p>\n\n\n\n<p><\/p>\n","protected":false},"excerpt":{"rendered":"<p>Produkty &amp; Us\u0142ugi Zakres oferowanych us\u0142ug pomiarowo \u2013 projektowych: FAZA WYKONANIA PRAC PRZEDPROJEKTOWYCH ORAZ SPORZ\u0104DZENIA PROJEKTU BUDOWLANEGO Etap ten obejmuje ustalenie wst\u0119pnych planowanych lokalizacji turbin, zaprojektowanie mo\u017cliwego przebiegu tras kablowych od turbin do miejsca ich przy\u0142\u0105czenia do wewn\u0119trznej sieci energetycznej wraz z tyczeniem geodezyjnym. Wykonania odwiert\u00f3w badawczych pozwalaj\u0105cych na okre\u015blenie struktury gruntu b\u0119d\u0105ce podstaw\u0105 do [&hellip;]<\/p>\n","protected":false},"author":3,"featured_media":0,"parent":0,"menu_order":0,"comment_status":"closed","ping_status":"closed","template":"","meta":{"footnotes":""},"class_list":["post-13","page","type-page","status-publish","hentry"],"_links":{"self":[{"href":"https:\/\/mtw.net.pl\/index.php\/wp-json\/wp\/v2\/pages\/13","targetHints":{"allow":["GET"]}}],"collection":[{"href":"https:\/\/mtw.net.pl\/index.php\/wp-json\/wp\/v2\/pages"}],"about":[{"href":"https:\/\/mtw.net.pl\/index.php\/wp-json\/wp\/v2\/types\/page"}],"author":[{"embeddable":true,"href":"https:\/\/mtw.net.pl\/index.php\/wp-json\/wp\/v2\/users\/3"}],"replies":[{"embeddable":true,"href":"https:\/\/mtw.net.pl\/index.php\/wp-json\/wp\/v2\/comments?post=13"}],"version-history":[{"count":7,"href":"https:\/\/mtw.net.pl\/index.php\/wp-json\/wp\/v2\/pages\/13\/revisions"}],"predecessor-version":[{"id":221,"href":"https:\/\/mtw.net.pl\/index.php\/wp-json\/wp\/v2\/pages\/13\/revisions\/221"}],"wp:attachment":[{"href":"https:\/\/mtw.net.pl\/index.php\/wp-json\/wp\/v2\/media?parent=13"}],"curies":[{"name":"wp","href":"https:\/\/api.w.org\/{rel}","templated":true}]}}