{"id":152,"date":"2024-08-19T00:00:34","date_gmt":"2024-08-18T22:00:34","guid":{"rendered":"https:\/\/mtw.net.pl\/?page_id=152"},"modified":"2024-08-19T01:37:12","modified_gmt":"2024-08-18T23:37:12","slug":"magazyny","status":"publish","type":"page","link":"https:\/\/mtw.net.pl\/index.php\/magazyny\/","title":{"rendered":"Magazyny"},"content":{"rendered":"\n<p><\/p>\n\n\n\n<p class=\"has-regular-font-size\"><strong>Magazyn Energii Elektrycznej lub Magazyn Energii Cieplnej<\/strong><\/p>\n\n\n\n<p class=\"has-medium-font-size\">Zaprojektowania i wykonania prac dodatkowych typu Magazyn:<\/p>\n\n\n\n<ul class=\"wp-block-list\">\n<li class=\"has-medium-font-size\"> Energii Elektrycznej,<\/li>\n\n\n\n<li class=\"has-medium-font-size\">Magazyn Energii Cieplnej.<\/li>\n<\/ul>\n\n\n\n<p class=\"has-medium-font-size\">Magazyny wykorzystuj\u0105 nadwy\u017cki produkcji turbiny kt\u00f3re by\u0142yby oddawane do sieci lub tracone.<\/p>\n\n\n\n<p><\/p>\n","protected":false},"excerpt":{"rendered":"<p>Magazyn Energii Elektrycznej lub Magazyn Energii Cieplnej Zaprojektowania i wykonania prac dodatkowych typu Magazyn: Magazyny wykorzystuj\u0105 nadwy\u017cki produkcji turbiny kt\u00f3re by\u0142yby oddawane do sieci lub tracone.<\/p>\n","protected":false},"author":3,"featured_media":0,"parent":0,"menu_order":0,"comment_status":"closed","ping_status":"closed","template":"","meta":{"footnotes":""},"class_list":["post-152","page","type-page","status-publish","hentry"],"_links":{"self":[{"href":"https:\/\/mtw.net.pl\/index.php\/wp-json\/wp\/v2\/pages\/152","targetHints":{"allow":["GET"]}}],"collection":[{"href":"https:\/\/mtw.net.pl\/index.php\/wp-json\/wp\/v2\/pages"}],"about":[{"href":"https:\/\/mtw.net.pl\/index.php\/wp-json\/wp\/v2\/types\/page"}],"author":[{"embeddable":true,"href":"https:\/\/mtw.net.pl\/index.php\/wp-json\/wp\/v2\/users\/3"}],"replies":[{"embeddable":true,"href":"https:\/\/mtw.net.pl\/index.php\/wp-json\/wp\/v2\/comments?post=152"}],"version-history":[{"count":5,"href":"https:\/\/mtw.net.pl\/index.php\/wp-json\/wp\/v2\/pages\/152\/revisions"}],"predecessor-version":[{"id":177,"href":"https:\/\/mtw.net.pl\/index.php\/wp-json\/wp\/v2\/pages\/152\/revisions\/177"}],"wp:attachment":[{"href":"https:\/\/mtw.net.pl\/index.php\/wp-json\/wp\/v2\/media?parent=152"}],"curies":[{"name":"wp","href":"https:\/\/api.w.org\/{rel}","templated":true}]}}