{"id":18,"date":"2024-08-14T22:15:28","date_gmt":"2024-08-14T20:15:28","guid":{"rendered":"https:\/\/mtw.net.pl\/?page_id=18"},"modified":"2025-03-22T10:51:18","modified_gmt":"2025-03-22T09:51:18","slug":"kontakt","status":"publish","type":"page","link":"https:\/\/mtw.net.pl\/index.php\/kontakt\/","title":{"rendered":"Kontakt"},"content":{"rendered":"\r\n<p class=\"has-large-font-size\"><strong>Kontakt<\/strong><\/p>\r\n\r\n\r\n\r\n<p class=\"has-medium-font-size\">Napisz do nas:<br>MTW Ma\u0142e Turbiny Wiatrowe sp. z o.o.<br>tel: +48 600 749 910<br>e-mail: <a href=\"mailto:info@mtw.net.pl\">info@mtw.net.pl<\/a><br>ul. Saska 9, 03-968 Warszawa Polska<\/p>\r\n\r\n\r\n\r\n        <script type=\"text\/javascript\">\n         function cp_contactformtoemail_pform_doValidate_1(form)\n         {\n            document.cp_contactformtoemail_pform_1.cp_ref_page.value = document.location;\n            $dexQuery = jQuery.noConflict();            {\n                var cpefb_error = 0;\n                $dexQuery(\"#cp_contactformtoemail_pform_1\").find(\".cpefb_error\").each(function(index){\n                    if ($dexQuery(this).css(\"display\")!=\"none\")\n                        cpefb_error++;\n                    });\n                if (cpefb_error) return false;\n                if (document.cp_contactformtoemail_pform_1.cp_contactformtoemail_pform_status.value != '0')\n                           return false;\n                document.getElementById(\"refpage_1\").value = document.location;\n                cfte_blink(\".pbSubmit\");\n                document.cp_contactformtoemail_pform_1.cp_contactformtoemail_pform_status.value = '2';document.cp_contactformtoemail_pform_1.cp_contactformtoemail_pform_status.value = '1';\n                       $dexQuery.ajax({\n                         type: \"POST\",\n                         url: '',\n                         data: $dexQuery(\"#cp_contactformtoemail_pform_1\").serialize(),\n                         success: function(data)\n                         {\n                             document.cp_contactformtoemail_pform_1.cp_contactformtoemail_pform_status.value = '0';\n                                                              alert('Twoja wiadomo\u015b\u0107 zosta\u0142a wys\u0142ana.');\n                                 document.cp_contactformtoemail_pform_1.reset();\n                                                        }\n                       });\n                       return false;\n                                }\n         }\n         function cfte_blink(selector){\n                 try {\n                     $dexQuery = jQuery.noConflict();\n                     $dexQuery(selector).fadeOut(700, function(){\n                         $dexQuery(this).fadeIn(700, function(){\n                             try {\n                                 if (document.cp_contactformtoemail_pform_1.cp_contactformtoemail_pform_status.value != '0')\n                                     cfte_blink(this);\n                             } catch (e) {}\n                         });\n                     });\n                 } catch (e) {}\n         }\n         function cp_contactformtoemail_cerror_1(){$dexQuery = jQuery.noConflict();$dexQuery(\"#hdcaptcha_error_1\").css('top',$dexQuery(\"#hdcaptcha_cp_contactformtoemail_post_1\").outerHeight());$dexQuery(\"#hdcaptcha_error_1\").css(\"display\",\"inline\");}\n        <\/script>\n        <div id=\"cftedialog\" style=\"display:none;\">Twoja wiadomo\u015b\u0107 zosta\u0142a wys\u0142ana.<\/div>\n        <form class=\"cpp_form no-prefetch\" name=\"cp_contactformtoemail_pform_1\" id=\"cp_contactformtoemail_pform_1\" action=\"\/index.php\/kontakt\/?ahbnocache=345955\" method=\"post\" enctype=\"multipart\/form-data\" onsubmit=\"return cp_contactformtoemail_pform_doValidate_1(this);\"><input type=\"hidden\" name=\"cp_pform_psequence\" value=\"_1\" \/><input type=\"hidden\" name=\"cp_contactformtoemail_pform_process\" value=\"1\" \/><input type=\"hidden\" name=\"cp_contactformtoemail_id\" value=\"2\" \/><input type=\"hidden\" name=\"cp_ref_page\" value=\"\" \/><input type=\"hidden\" name=\"form_structure_1\" id=\"form_structure_1\" size=\"180\" value=\"[[{&quot;name&quot;:&quot;email&quot;,&quot;index&quot;:0,&quot;title&quot;:&quot;E-mail&quot;,&quot;ftype&quot;:&quot;femail&quot;,&quot;userhelp&quot;:&quot;&quot;,&quot;csslayout&quot;:&quot;&quot;,&quot;required&quot;:true,&quot;predefined&quot;:&quot;&quot;,&quot;size&quot;:&quot;medium&quot;,&quot;shortlabel&quot;:&quot;&quot;,&quot;userhelpTooltip&quot;:&quot;&quot;,&quot;predefinedClick&quot;:false,&quot;equalTo&quot;:&quot;&quot;},{&quot;name&quot;:&quot;subject&quot;,&quot;index&quot;:1,&quot;title&quot;:&quot;Temat&quot;,&quot;required&quot;:true,&quot;ftype&quot;:&quot;ftext&quot;,&quot;userhelp&quot;:&quot;&quot;,&quot;csslayout&quot;:&quot;&quot;,&quot;predefined&quot;:&quot;&quot;,&quot;size&quot;:&quot;medium&quot;,&quot;shortlabel&quot;:&quot;&quot;,&quot;userhelpTooltip&quot;:&quot;&quot;,&quot;predefinedClick&quot;:false,&quot;minlength&quot;:&quot;&quot;,&quot;maxlength&quot;:&quot;&quot;,&quot;equalTo&quot;:&quot;&quot;},{&quot;name&quot;:&quot;message&quot;,&quot;index&quot;:2,&quot;size&quot;:&quot;large&quot;,&quot;required&quot;:true,&quot;title&quot;:&quot;Wiadomo\\u015b\\u0107&quot;,&quot;ftype&quot;:&quot;ftextarea&quot;,&quot;userhelp&quot;:&quot;&quot;,&quot;csslayout&quot;:&quot;&quot;,&quot;predefined&quot;:&quot;&quot;,&quot;shortlabel&quot;:&quot;&quot;,&quot;userhelpTooltip&quot;:&quot;&quot;,&quot;predefinedClick&quot;:false,&quot;minlength&quot;:&quot;&quot;,&quot;maxlength&quot;:&quot;&quot;}],[{&quot;title&quot;:&quot;&quot;,&quot;description&quot;:&quot;&quot;,&quot;formlayout&quot;:&quot;top_aligned&quot;}]]\" \/><input type=\"hidden\" name=\"refpage_1\" id=\"refpage_1\" value=\"\"><input type=\"hidden\" name=\"cp_contactformtoemail_pform_status\" value=\"0\" \/><input name=\"anonce\" type=\"hidden\" value=\"92281d6f90\"\/><input name=\"cftehp\" id=\"cftehp_1\" type=\"hidden\" value=\"1\"\/>\r\n<div id=\"fbuilder\">    \r\n    <div id=\"fbuilder_1\">\r\n        <div id=\"formheader_1\"><\/div>\r\n        <div id=\"fieldlist_1\"><\/div>\r\n    <\/div>\r\n<\/div>    \r\n<div style=\"display:none\">\r\n<input name=\"cftecontrolmessage\" type=\"text\" value=\"\"\/> \r\n<div id=\"cpcaptchalayer_1\" class=\"cpcaptchalayer\">\r\n<\/div>\r\n<\/div>\r\n<div id=\"cp_subbtn_1\" class=\"cp_subbtn\">Wy\u015blij<\/div>\r\n<\/form>\r\n<script>\r\ntry{document.getElementById(\"cftehp_1\").value=\"25\";}catch(e){}\r\n<\/script>\r\n\r\n\r\n\r\n\r\n<p><\/p>\r\n","protected":false},"excerpt":{"rendered":"<p>Kontakt Napisz do nas:MTW Ma\u0142e Turbiny Wiatrowe sp. z o.o.tel: +48 600 749 910e-mail: info@mtw.net.plul. Saska 9, 03-968 Warszawa Polska<\/p>\n","protected":false},"author":3,"featured_media":0,"parent":0,"menu_order":0,"comment_status":"closed","ping_status":"closed","template":"","meta":{"footnotes":""},"class_list":["post-18","page","type-page","status-publish","hentry"],"_links":{"self":[{"href":"https:\/\/mtw.net.pl\/index.php\/wp-json\/wp\/v2\/pages\/18","targetHints":{"allow":["GET"]}}],"collection":[{"href":"https:\/\/mtw.net.pl\/index.php\/wp-json\/wp\/v2\/pages"}],"about":[{"href":"https:\/\/mtw.net.pl\/index.php\/wp-json\/wp\/v2\/types\/page"}],"author":[{"embeddable":true,"href":"https:\/\/mtw.net.pl\/index.php\/wp-json\/wp\/v2\/users\/3"}],"replies":[{"embeddable":true,"href":"https:\/\/mtw.net.pl\/index.php\/wp-json\/wp\/v2\/comments?post=18"}],"version-history":[{"count":6,"href":"https:\/\/mtw.net.pl\/index.php\/wp-json\/wp\/v2\/pages\/18\/revisions"}],"predecessor-version":[{"id":202,"href":"https:\/\/mtw.net.pl\/index.php\/wp-json\/wp\/v2\/pages\/18\/revisions\/202"}],"wp:attachment":[{"href":"https:\/\/mtw.net.pl\/index.php\/wp-json\/wp\/v2\/media?parent=18"}],"curies":[{"name":"wp","href":"https:\/\/api.w.org\/{rel}","templated":true}]}}