{"id":98,"date":"2024-08-16T13:34:22","date_gmt":"2024-08-16T11:34:22","guid":{"rendered":"https:\/\/mtw.net.pl\/?page_id=98"},"modified":"2025-09-12T20:48:30","modified_gmt":"2025-09-12T18:48:30","slug":"serwis","status":"publish","type":"page","link":"https:\/\/mtw.net.pl\/index.php\/serwis\/","title":{"rendered":"Serwis"},"content":{"rendered":"\n<p class=\"has-regular-font-size\"><strong>GWARANCJA I SERWIS GWARANCYJNY<\/strong><\/p>\n\n\n\n<p class=\"has-medium-font-size\">Ca\u0142y system turbin obj\u0119ty jest trzy letni\u0105 gwarancj\u0105. W ramach tej gwarancji zobowi\u0105zujemy si\u0119 do prowadzenia zdalnego serwisu przez \u0142\u0105cze internetowe oraz corocznego przegl\u0105du serwisowego ca\u0142ej instalacji turbiny w\u0142\u0105cznie z generatorem i skrzyd\u0142ami.<\/p>\n\n\n\n<p class=\"has-regular-font-size\"><strong>SERWIS POGWARANCYJNY<\/strong><\/p>\n\n\n\n<p class=\"has-medium-font-size\">\u015awiadczymy r\u00f3wnie\u017c us\u0142ug\u0119 serwisu pogwarancyjnego na indywidualnie ustalonych z Inwestorem warunkach jednak kosztowo nie dro\u017cszych ni\u017c koszty corocznych przegl\u0105d\u00f3w gwarancyjnych + koszty ewentualnych koniecznych do wymiany cz\u0119\u015bci zamiennych.<\/p>\n\n\n\n<p class=\"has-regular-font-size\"><strong>SERWIS KONTAKT<\/strong><\/p>\n\n\n\n<p class=\"has-medium-font-size\">email: serwis@mtw.net.pl<\/p>\n\n\n\n<p><\/p>\n","protected":false},"excerpt":{"rendered":"<p>GWARANCJA I SERWIS GWARANCYJNY Ca\u0142y system turbin obj\u0119ty jest trzy letni\u0105 gwarancj\u0105. W ramach tej gwarancji zobowi\u0105zujemy si\u0119 do prowadzenia zdalnego serwisu przez \u0142\u0105cze internetowe oraz corocznego przegl\u0105du serwisowego ca\u0142ej instalacji turbiny w\u0142\u0105cznie z generatorem i skrzyd\u0142ami. SERWIS POGWARANCYJNY \u015awiadczymy r\u00f3wnie\u017c us\u0142ug\u0119 serwisu pogwarancyjnego na indywidualnie ustalonych z Inwestorem warunkach jednak kosztowo nie dro\u017cszych ni\u017c [&hellip;]<\/p>\n","protected":false},"author":3,"featured_media":0,"parent":0,"menu_order":0,"comment_status":"closed","ping_status":"closed","template":"","meta":{"footnotes":""},"class_list":["post-98","page","type-page","status-publish","hentry"],"_links":{"self":[{"href":"https:\/\/mtw.net.pl\/index.php\/wp-json\/wp\/v2\/pages\/98","targetHints":{"allow":["GET"]}}],"collection":[{"href":"https:\/\/mtw.net.pl\/index.php\/wp-json\/wp\/v2\/pages"}],"about":[{"href":"https:\/\/mtw.net.pl\/index.php\/wp-json\/wp\/v2\/types\/page"}],"author":[{"embeddable":true,"href":"https:\/\/mtw.net.pl\/index.php\/wp-json\/wp\/v2\/users\/3"}],"replies":[{"embeddable":true,"href":"https:\/\/mtw.net.pl\/index.php\/wp-json\/wp\/v2\/comments?post=98"}],"version-history":[{"count":11,"href":"https:\/\/mtw.net.pl\/index.php\/wp-json\/wp\/v2\/pages\/98\/revisions"}],"predecessor-version":[{"id":234,"href":"https:\/\/mtw.net.pl\/index.php\/wp-json\/wp\/v2\/pages\/98\/revisions\/234"}],"wp:attachment":[{"href":"https:\/\/mtw.net.pl\/index.php\/wp-json\/wp\/v2\/media?parent=98"}],"curies":[{"name":"wp","href":"https:\/\/api.w.org\/{rel}","templated":true}]}}